{"id":16,"date":"2017-04-24T16:31:51","date_gmt":"2017-04-24T16:31:51","guid":{"rendered":"http:\/\/s438513656.mialojamiento.es\/?page_id=16"},"modified":"2020-09-11T09:49:15","modified_gmt":"2020-09-11T09:49:15","slug":"historia","status":"publish","type":"page","link":"https:\/\/tectron.es\/fr\/historia\/","title":{"rendered":"HISTOIRE"},"content":{"rendered":"<p><\/p>\n<div id=\"pres-izq\">En 1978, la soci\u00e9t\u00e9 Serigrafia Alava S.A. est cr\u00e9e.&nbsp;<\/p>\n<p>En 1982, en partenariat avec General Electric, on est devenu la premi\u00e8re soci\u00e9t\u00e9 espagnole \u00e0 fabriquer des claviers \u00e0 membrane. La m\u00eame ann\u00e9e, la marque TECTRON est n\u00e9e.<\/p>\n<p>En 2000, Serigrafia Alava est certifi\u00e9e ISO 9001.<\/p>\n<\/div>\n<div id=\"pres-dcha\"><img loading=\"lazy\" class=\"alignnone size-full wp-image-111\" src=\"https:\/\/tectron.es\/wp-content\/uploads\/2017\/05\/serigrafia-alava-tectron-vitoria.jpg\" alt=\"Fachada de Serigraf\u00eda \u00c1lava\" width=\"600\" height=\"372\"><\/div>\n<div id=\"pres-abajo\">\n<div id=\"pres-abajo-ida\"><img loading=\"lazy\" class=\"alignnone size-medium wp-image-9\" src=\"https:\/\/tectron.es\/wp-content\/uploads\/2017\/04\/logo-tectron-teclados-membrana-300x146.png\" alt=\"Logotipo de Tectron\" width=\"300\" height=\"146\" srcset=\"https:\/\/tectron.es\/wp-content\/uploads\/2017\/04\/logo-tectron-teclados-membrana-300x146.png 300w, https:\/\/tectron.es\/wp-content\/uploads\/2017\/04\/logo-tectron-teclados-membrana.png 563w\" sizes=\"(max-width: 300px) 100vw, 300px\" \/><\/div>\n<div id=\"pres-abajo-dcha\"><img loading=\"lazy\" class=\"alignnone size-full wp-image-46\" src=\"https:\/\/tectron.es\/wp-content\/uploads\/2017\/04\/serigrafia-alava-logo.png\" alt=\"Serigraf\u00eda \u00c1lava Logo\" width=\"243\" height=\"139\"><\/div>\n<p><\/p>\n<\/div>\n<\/div>","protected":false},"excerpt":{"rendered":"<p>En 1978, la soci\u00e9t\u00e9 Serigrafia Alava S.A. est cr\u00e9e.&nbsp; En 1982, en partenariat avec General Electric, on est devenu la premi\u00e8re soci\u00e9t\u00e9 espagnole \u00e0 fabriquer des claviers \u00e0 membrane. La m\u00eame ann\u00e9e, la marque TECTRON est n\u00e9e. En 2000, Serigrafia Alava est certifi\u00e9e ISO 9001.<\/p>\n","protected":false},"author":2,"featured_media":0,"parent":0,"menu_order":0,"comment_status":"closed","ping_status":"closed","template":"template-fullwidth.php","meta":[],"_links":{"self":[{"href":"https:\/\/tectron.es\/fr\/wp-json\/wp\/v2\/pages\/16"}],"collection":[{"href":"https:\/\/tectron.es\/fr\/wp-json\/wp\/v2\/pages"}],"about":[{"href":"https:\/\/tectron.es\/fr\/wp-json\/wp\/v2\/types\/page"}],"author":[{"embeddable":true,"href":"https:\/\/tectron.es\/fr\/wp-json\/wp\/v2\/users\/2"}],"replies":[{"embeddable":true,"href":"https:\/\/tectron.es\/fr\/wp-json\/wp\/v2\/comments?post=16"}],"version-history":[{"count":6,"href":"https:\/\/tectron.es\/fr\/wp-json\/wp\/v2\/pages\/16\/revisions"}],"predecessor-version":[{"id":340,"href":"https:\/\/tectron.es\/fr\/wp-json\/wp\/v2\/pages\/16\/revisions\/340"}],"wp:attachment":[{"href":"https:\/\/tectron.es\/fr\/wp-json\/wp\/v2\/media?parent=16"}],"curies":[{"name":"wp","href":"https:\/\/api.w.org\/{rel}","templated":true}]}}