{"id":18,"date":"2017-04-24T16:32:28","date_gmt":"2017-04-24T16:32:28","guid":{"rendered":"http:\/\/s438513656.mialojamiento.es\/?page_id=18"},"modified":"2017-06-09T20:32:53","modified_gmt":"2017-06-09T20:32:53","slug":"instalaciones","status":"publish","type":"page","link":"http:\/\/tectron.es\/fr\/instalaciones\/","title":{"rendered":"TECHNOLOGIE"},"content":{"rendered":"<p><\/p>\n<h2>3.800 m2 \u00e9quip\u00e9s de la meilleure technologie.<\/h2>\n<figure id=\"attachment_142\" aria-describedby=\"caption-attachment-142\" style=\"width: 1200px\" class=\"wp-caption alignnone\"><img loading=\"lazy\" class=\"wp-image-142 size-full\" src=\"http:\/\/s438513656.mialojamiento.es\/wp-content\/uploads\/2017\/04\/empresas-serigrafia-alava-tectron-vitoria.jpg\" alt=\"Instalaciones de Tectr\u00f3n - Serigraf\u00eda \u00c1lava en Vitoria-Gasteiz\" width=\"1200\" height=\"348\" srcset=\"http:\/\/tectron.es\/wp-content\/uploads\/2017\/04\/empresas-serigrafia-alava-tectron-vitoria.jpg 1200w, http:\/\/tectron.es\/wp-content\/uploads\/2017\/04\/empresas-serigrafia-alava-tectron-vitoria-300x87.jpg 300w, http:\/\/tectron.es\/wp-content\/uploads\/2017\/04\/empresas-serigrafia-alava-tectron-vitoria-768x223.jpg 768w, http:\/\/tectron.es\/wp-content\/uploads\/2017\/04\/empresas-serigrafia-alava-tectron-vitoria-1024x297.jpg 1024w\" sizes=\"(max-width: 1200px) 100vw, 1200px\" \/><figcaption id=\"caption-attachment-142\" class=\"wp-caption-text\">Installations de Serigraf\u00eda Alava (TECTRON) \u00e0 Vitoria-Gasteiz (Pays Basque)<\/figcaption><\/figure>\n<div class=\"centrar\">\n<div class=\"box effect5\"><img loading=\"lazy\" class=\"tecno-iz aligncenter wp-image-143 size-full\" src=\"http:\/\/s438513656.mialojamiento.es\/wp-content\/uploads\/2017\/04\/empresas-serigrafia-alava-vitoria-tectron.jpg\" alt=\"Tectron - Fabricaci\u00f3n de teclados de membrana\" width=\"950\" height=\"633\" srcset=\"http:\/\/tectron.es\/wp-content\/uploads\/2017\/04\/empresas-serigrafia-alava-vitoria-tectron.jpg 950w, http:\/\/tectron.es\/wp-content\/uploads\/2017\/04\/empresas-serigrafia-alava-vitoria-tectron-300x200.jpg 300w, http:\/\/tectron.es\/wp-content\/uploads\/2017\/04\/empresas-serigrafia-alava-vitoria-tectron-768x512.jpg 768w\" sizes=\"(max-width: 950px) 100vw, 950px\" \/><\/div>\n<div class=\"box effect5\"><img loading=\"lazy\" class=\"tecno-dcha aligncenter wp-image-144 size-full\" src=\"http:\/\/s438513656.mialojamiento.es\/wp-content\/uploads\/2017\/04\/empresas-serigrafia-vitoria-tectron.jpg\" alt=\"Tectron serigraf\u00eda teclados membrana\" width=\"950\" height=\"633\" srcset=\"http:\/\/tectron.es\/wp-content\/uploads\/2017\/04\/empresas-serigrafia-vitoria-tectron.jpg 950w, http:\/\/tectron.es\/wp-content\/uploads\/2017\/04\/empresas-serigrafia-vitoria-tectron-300x200.jpg 300w, http:\/\/tectron.es\/wp-content\/uploads\/2017\/04\/empresas-serigrafia-vitoria-tectron-768x512.jpg 768w\" sizes=\"(max-width: 950px) 100vw, 950px\" \/><\/div>\n<\/div>\n<p><\/p>","protected":false},"excerpt":{"rendered":"<p>3.800 m2 \u00e9quip\u00e9s de la meilleure technologie.<\/p>\n","protected":false},"author":2,"featured_media":0,"parent":0,"menu_order":0,"comment_status":"closed","ping_status":"closed","template":"template-fullwidth.php","meta":[],"_links":{"self":[{"href":"http:\/\/tectron.es\/fr\/wp-json\/wp\/v2\/pages\/18"}],"collection":[{"href":"http:\/\/tectron.es\/fr\/wp-json\/wp\/v2\/pages"}],"about":[{"href":"http:\/\/tectron.es\/fr\/wp-json\/wp\/v2\/types\/page"}],"author":[{"embeddable":true,"href":"http:\/\/tectron.es\/fr\/wp-json\/wp\/v2\/users\/2"}],"replies":[{"embeddable":true,"href":"http:\/\/tectron.es\/fr\/wp-json\/wp\/v2\/comments?post=18"}],"version-history":[{"count":12,"href":"http:\/\/tectron.es\/fr\/wp-json\/wp\/v2\/pages\/18\/revisions"}],"predecessor-version":[{"id":322,"href":"http:\/\/tectron.es\/fr\/wp-json\/wp\/v2\/pages\/18\/revisions\/322"}],"wp:attachment":[{"href":"http:\/\/tectron.es\/fr\/wp-json\/wp\/v2\/media?parent=18"}],"curies":[{"name":"wp","href":"https:\/\/api.w.org\/{rel}","templated":true}]}}