{"id":121,"date":"2017-05-15T17:18:39","date_gmt":"2017-05-15T17:18:39","guid":{"rendered":"http:\/\/s438513656.mialojamiento.es\/?page_id=121"},"modified":"2018-05-25T09:36:28","modified_gmt":"2018-05-25T09:36:28","slug":"aviso-legal","status":"publish","type":"page","link":"http:\/\/tectron.es\/en\/aviso-legal\/","title":{"rendered":"Aviso legal"},"content":{"rendered":"<p>Le informamos que, de conformidad con la Ley15\/1999, de 13 de diciembre, de protecci\u00f3n de datos de car\u00e1cter personal (en adelante LOPD), los datos personales que nos facilita por medio del formulario de contacto quedar\u00e1n almacenados en un tratamiento de datos personales responsabilidad de SERIGRAFIA ALAVA, S.A.\u00a0con domicilio en Portal de Gamarra, n\u00ba 44 \u2013 01013, Vitoria-Gasteiz, con la finalidad de incorporarlos a la actividad administrativa y comercial.<\/p>\n<p>En cualquier momento, podr\u00e1 ejercitar sus derechos de acceso, cancelaci\u00f3n, oposici\u00f3n y rectificaci\u00f3n, mediante un escrito y acreditando su personalidad dirigido a SERIGRAFIA ALAVA, S.A. Portal de Gamarra, n\u00ba 44 \u2013 01013, Vitoria-Gasteiz.<\/p>","protected":false},"excerpt":{"rendered":"<p>Le informamos que, de conformidad con la Ley15\/1999, de 13 de diciembre, de protecci\u00f3n de datos de car\u00e1cter personal (en adelante LOPD), los datos personales que nos facilita por medio del formulario de contacto quedar\u00e1n almacenados en un tratamiento de datos personales responsabilidad de SERIGRAFIA ALAVA, S.A.\u00a0con domicilio en Portal de Gamarra, n\u00ba 44 \u2013 [&hellip;]<\/p>\n","protected":false},"author":2,"featured_media":0,"parent":0,"menu_order":0,"comment_status":"closed","ping_status":"closed","template":"template-fullwidth.php","meta":[],"_links":{"self":[{"href":"http:\/\/tectron.es\/en\/wp-json\/wp\/v2\/pages\/121"}],"collection":[{"href":"http:\/\/tectron.es\/en\/wp-json\/wp\/v2\/pages"}],"about":[{"href":"http:\/\/tectron.es\/en\/wp-json\/wp\/v2\/types\/page"}],"author":[{"embeddable":true,"href":"http:\/\/tectron.es\/en\/wp-json\/wp\/v2\/users\/2"}],"replies":[{"embeddable":true,"href":"http:\/\/tectron.es\/en\/wp-json\/wp\/v2\/comments?post=121"}],"version-history":[{"count":3,"href":"http:\/\/tectron.es\/en\/wp-json\/wp\/v2\/pages\/121\/revisions"}],"predecessor-version":[{"id":327,"href":"http:\/\/tectron.es\/en\/wp-json\/wp\/v2\/pages\/121\/revisions\/327"}],"wp:attachment":[{"href":"http:\/\/tectron.es\/en\/wp-json\/wp\/v2\/media?parent=121"}],"curies":[{"name":"wp","href":"https:\/\/api.w.org\/{rel}","templated":true}]}}