{"id":117,"date":"2017-05-15T17:10:49","date_gmt":"2017-05-15T17:10:49","guid":{"rendered":"http:\/\/s438513656.mialojamiento.es\/cookie-policy\/"},"modified":"2017-05-15T17:20:02","modified_gmt":"2017-05-15T17:20:02","slug":"cookies","status":"publish","type":"page","link":"http:\/\/tectron.es\/de\/cookies\/","title":{"rendered":"Pol\u00edtica de cookies"},"content":{"rendered":"<h4>\u00bfQU\u00c9 SON LAS COOKIES?<\/h4>\n<p>Las cookies son ficheros de texto de peque\u00f1o tama\u00f1o que se almacenan en el disco duro o en la memoria del ordenador que accede o visita las p\u00e1ginas de determinados sitios web, de forma que se puedan conocer las preferencias del usuario al volver a conectarse. Las cookies almacenadas en el disco duro del usuario no pueden leer los datos contenidos en \u00e9l, acceder a informaci\u00f3n personal ni leer las cookies creadas por otros proveedores.<\/p>\n<h4>\u00bfQU\u00c9 TIPO DE COOKIES EXISTEN?<\/h4>\n<p><em>Seg\u00fan la entidad que las gestione:<\/em><\/p>\n<ul>\n<li>Cookies propias: son las generadas por la p\u00e1gina que est\u00e1 visitando.<\/li>\n<li>Cookies de terceros: son las generadas por servicios o proveedores externos como Facebook, Twitter, Google, etc.<\/li>\n<\/ul>\n<p><em>Seg\u00fan el plazo de tiempo que permanecen activas:<\/em><\/p>\n<ul>\n<li>Cookies de sesi\u00f3n: son un tipo de cookies dise\u00f1adas para recabar y almacenar datos mientras el usuario accede a una p\u00e1gina web.<\/li>\n<li>Cookies persistentes: son un tipo de cookies en el que los datos siguen almacenados en el terminal y pueden ser accedidos y tratados durante un periodo definido por el responsable de la cookie.<\/li>\n<\/ul>\n<p><em>Seg\u00fan su finalidad:<\/em><\/p>\n<ul>\n<li>Cookies t\u00e9cnicas: son las m\u00e1s elementales y permiten, entre otras cosas, saber cu\u00e1ndo est\u00e1 navegando un humano o una aplicaci\u00f3n automatizada, cu\u00e1ndo navega un usuario an\u00f3nimo y uno registrado, tareas b\u00e1sicas para el funcionamiento de cualquier web din\u00e1mica.<\/li>\n<li>Cookies de personalizaci\u00f3n: son aqu\u00e9llas que permiten al usuario acceder al servicio con algunas caracter\u00edsticas de car\u00e1cter general predefinidas en su terminal o que el propio usuario defina. Por ejemplo, el idioma, el tipo de navegador a trav\u00e9s del cual accede al servicio, el dise\u00f1o de contenidos seleccionado, geolocalizaci\u00f3n del terminal y la configuraci\u00f3n regional desde donde se accede al servicio, etc.<\/li>\n<li>Cookies de an\u00e1lisis: recogen informaci\u00f3n sobre el tipo de navegaci\u00f3n que est\u00e1 realizando, las secciones que m\u00e1s utiliza, productos consultados, franja horaria de uso, idioma, etc.<\/li>\n<li>Cookies publicitarias: muestran publicidad en funci\u00f3n de su navegaci\u00f3n, su pa\u00eds de procedencia, idioma, etc.<\/li>\n<li>Cookies de publicidad comportamental: son aquellas que permiten la gesti\u00f3n eficaz de los espacios publicitarios que se han incluido en la p\u00e1gina web o aplicaci\u00f3n desde la que se presta el servicio. Estas cookies almacenan informaci\u00f3n del comportamiento de los usuarios a trav\u00e9s de la observaci\u00f3n permitiendo posteriormente desarrollar un perfil espec\u00edfico para mostrar publicidad en funci\u00f3n del mismo.<\/li>\n<\/ul>\n<h4>\u00bfQU\u00c9 TIPO DE COOKIES UTILIZAMOS EN WWW.TECTRON.ES?<\/h4>\n<p><em>Cookies de funcionamiento y personalizaci\u00f3n<\/em><\/p>\n<p>Son las cookies que utiliza WordPress para permitir que la p\u00e1gina web funcione y muestre correctamente los contenidos as\u00ed como para que mantenga identificado de forma an\u00f3nima al usuario para permitirle la navegaci\u00f3n. Este tipo de cookies tambi\u00e9n las utilizamos para que se le muestre el banner o aviso inicial de cookies y conserve la informaci\u00f3n sobre su aceptaci\u00f3n de forma que no se le vuelva a mostrar.<\/p>\n<p><em>Cookies de Google Analytics<\/em><\/p>\n<p>Google Analytics es un servicio anal\u00edtico de web prestado por Google, Inc., una compa\u00f1\u00eda de Delaware cuya oficina principal est\u00e1 en 1600 Amphitheatre Parkway, Mountain View (California), CA 94043, Estados Unidos (\u201cGoogle\u201d). Google Analytics utiliza \u201ccookies\u201d, que son archivos de texto ubicados en su ordenador, para ayudar al sitio web a analizar el uso que hacen los usuarios del sitio web. La informaci\u00f3n que genera la cookie acerca de su uso del sitio web (incluyendo su direcci\u00f3n IP) ser\u00e1 directamente transmitida y archivada por Google en los servidores de Estados Unidos. Google usar\u00e1 esta informaci\u00f3n por cuenta nuestra con el prop\u00f3sito de seguir la pista de su uso del sitio web, recopilando informes de la actividad del sitio web y prestando otros servicios relacionados con la actividad del sitio web y el uso de Internet. Google podr\u00e1 transmitir dicha informaci\u00f3n a terceros cuando as\u00ed se lo requiera la legislaci\u00f3n, o cuando dichos terceros procesen la informaci\u00f3n por cuenta de Google. Google no asociar\u00e1 su direcci\u00f3n IP con ning\u00fan otro dato del que disponga Google. Puede Usted rechazar el tratamiento de los datos o la informaci\u00f3n rechazando el uso de cookies mediante la selecci\u00f3n de la configuraci\u00f3n apropiada de su navegador, sin embargo, debe Usted saber que si lo hace puede ser que no pueda usar la plena funcionalidad de este sitio web.<\/p>\n<p>Las cookies que a tal fin se utilizan en nuestro sitio web son las siguientes (informaci\u00f3n de finalidades proporcionada por Google a trav\u00e9s de su p\u00e1gina de \u201cDevelopers\u201d):<\/p>\n<ul>\n<li>__ga: esta cookie se utiliza para distinguir a los usuarios y sesiones. Es una cookie de tipo persistente y tiene un plazo de caducidad de dos a\u00f1os.<\/li>\n<li>__gat: esta cookie se utiliza para limitar el porcentaje de solicitudes. Es una cookie de sesi\u00f3n que tiene una duraci\u00f3n de 10 minutos.Para m\u00e1s informaci\u00f3n sobre este tipo de cookies puede consultar los siguientes enlaces:\n<ul>\n<li><a href=\"http:\/\/www.google.es\/intl\/es\/policies\/technologies\/types\/\" target=\"_blank\" rel=\"noopener noreferrer\">http:\/\/www.google.es\/intl\/es\/policies\/technologies\/types\/<\/a><\/li>\n<li><a href=\"http:\/\/developers.google.com\/analytics\/devguides\/collection\/analyticsjs\/cookie-usage\" target=\"_blank\" rel=\"noopener noreferrer\">http:\/\/developers.google.com\/analytics\/devguides\/collection\/analyticsjs\/cookie-usage<\/a><\/li>\n<\/ul>\n<\/li>\n<\/ul>\n<h4>\u00bfC\u00d3MO DESHABILITAR LAS COOKIES?<\/h4>\n<p>El modo en que el usuario puede deshabilitar cookies depender\u00e1 del navegador o navegadores que utilice. Todos los navegadores permiten cambiar la configuraci\u00f3n relacionada con las cookies. A continuaci\u00f3n, indicamos los pasos a dar para llegar a dicha configuraci\u00f3n en los principales navegadores utilizados en la actualidad, si bien los pasos que se describen pueden variar en funci\u00f3n de la versi\u00f3n del navegador:<\/p>\n<p>\u2013 <em>Firefox<\/em>: <a href=\"http:\/\/support.mozilla.org\/es\/kb\/habilitar-y-deshabilitar-cookies-que-los-sitios-we\" target=\"_blank\" rel=\"noopener noreferrer\">http:\/\/support.mozilla.org\/es\/kb\/habilitar-y-deshabilitar-cookies-que-los-sitios-we<\/a><\/p>\n<p>Para acceder a la configuraci\u00f3n de cookies del navegador Firefox siga estos pasos (pueden variar en funci\u00f3n de la versi\u00f3n del navegador):<\/p>\n<ol>\n<li>Vaya a Opciones o Preferencias seg\u00fan su sistema operativo.<\/li>\n<li>Haga click en Privacidad.<\/li>\n<li>En Historial elija Usar una configuraci\u00f3n personalizada para el historial.<\/li>\n<li>Ahora ver\u00e1 la opci\u00f3n Aceptar cookies, puede activarla o desactivarla seg\u00fan sus preferencias.<\/li>\n<\/ol>\n<p>\u2013 <em>Internet Explorer<\/em>: <a href=\"http:\/\/windows.microsoft.com\/es-es\/windows-vista\/Block-or-allow-cookies\" target=\"_blank\" rel=\"noopener noreferrer\">http:\/\/windows.microsoft.com\/es-es\/windows-vista\/Block-or-allow-cookies<\/a><\/p>\n<p>Para acceder a la configuraci\u00f3n de cookies del navegador Internet Explorer siga estos pasos (pueden variar en funci\u00f3n de la versi\u00f3n del navegador):<\/p>\n<ol>\n<li>Vaya a Herramientas, Opciones de Internet<\/li>\n<li>Haga click en Privacidad.<\/li>\n<li>Mueva el deslizador hasta ajustar el nivel de privacidad que desee.<\/li>\n<\/ol>\n<p>\u2013 <em>Chrome<\/em>: <a href=\"http:\/\/support.google.com\/chrome\/answer\/95647?hl=es\" target=\"_blank\" rel=\"noopener noreferrer\">http:\/\/support.google.com\/chrome\/answer\/95647?hl=es<\/a><\/p>\n<p>Para acceder a la configuraci\u00f3n de cookies del navegador Chrome siga estos pasos (pueden variar en funci\u00f3n de la versi\u00f3n del navegador):<\/p>\n<ol>\n<li>Vaya a Configuraci\u00f3n o Preferencias mediante el men\u00fa Archivo o bien pinchando el icono de personalizaci\u00f3n que aparece arriba a la derecha.<\/li>\n<li>Ver\u00e1 diferentes secciones, pinche la opci\u00f3n Mostrar opciones avanzadas.<\/li>\n<li>Vaya a Privacidad, Configuraci\u00f3n de contenido.<\/li>\n<li>Seleccione Todas las cookies y los datos de sitios.<\/li>\n<li>Aparecer\u00e1 un listado con todas las cookies ordenadas por dominio. Para que le sea m\u00e1s f\u00e1cil encontrar las cookies de un determinado dominio introduzca parcial o totalmente la direcci\u00f3n en el campo Buscar cookies.<\/li>\n<li>Tras realizar este filtro aparecer\u00e1n en pantalla una o varias l\u00edneas con las cookies de la web solicitada. Ahora s\u00f3lo tiene que seleccionarla y pulsar la X para proceder a su eliminaci\u00f3n.<\/li>\n<\/ol>\n<p>\u2013 <em>Safari<\/em>: <a href=\"http:\/\/support.apple.com\/kb\/HT1677?viewlocale=es_ES\" target=\"_blank\" rel=\"noopener noreferrer\">http:\/\/support.apple.com\/kb\/HT1677?viewlocale=es_ES<\/a><\/p>\n<p>Para acceder a la configuraci\u00f3n de cookies del navegador Safari para OSX siga estos pasos (pueden variar en funci\u00f3n de la versi\u00f3n del navegador):<\/p>\n<ol>\n<li>Vaya a Preferencias, luego Privacidad.<\/li>\n<li>En este lugar ver\u00e1 la opci\u00f3n Bloquear cookies para que ajuste el tipo de bloqueo que desea realizar.<\/li>\n<\/ol>\n<p>Para acceder a la configuraci\u00f3n de cookies del navegador Safari para iOS siga estos pasos (pueden variar en funci\u00f3n de la versi\u00f3n del navegador):<\/p>\n<ol>\n<li>Vaya a Ajustes, luego Safari.<\/li>\n<li>Vaya a Privacidad y Seguridad, ver\u00e1 la opci\u00f3n Bloquear cookies para que ajuste el tipo de bloqueo que desea realizar.<\/li>\n<\/ol>\n<p>\u2013 <em>Apple<\/em>: <a href=\"http:\/\/www.apple.com\/legal\/privacy\/es\/cookies\/\" target=\"_blank\" rel=\"noopener noreferrer\">http:\/\/www.apple.com\/legal\/privacy\/es\/cookies\/<\/a><\/p>\n<p>\u2013 <em>Android<\/em>:<br \/>\nEnlace a pol\u00edticas de privacidad de Google: <a href=\"http:\/\/www.google.es\/intl\/es\/policies\/privacy\/\" target=\"_blank\" rel=\"noopener noreferrer\">http:\/\/www.google.es\/intl\/es\/policies\/privacy\/<\/a><\/p>\n<p>Enlace a ayuda relacionada con Android: <a href=\"http:\/\/support.google.com\/android\/?hl=es\" target=\"_blank\" rel=\"noopener noreferrer\">http:\/\/support.google.com\/android\/?hl=es<\/a><\/p>\n<p>Para acceder a la configuraci\u00f3n de cookies del navegador para dispositivos Android siga estos pasos (pueden variar en funci\u00f3n de la versi\u00f3n del navegador):<\/p>\n<ol>\n<li>Ejecute el navegador y pulse la tecla Men\u00fa, luego Ajustes.<\/li>\n<li>Vaya a Seguridad y Privacidad, ver\u00e1 la opci\u00f3n Aceptar cookies para que active o desactive la casilla.<\/li>\n<\/ol>\n<p>\u2013<em> Windows Phone<\/em>: <a href=\"http:\/\/www.windowsphone.com\/es-ES\/how-to\/wp7\/web\/changing-privacy-and-other-browser-settings\" target=\"_blank\" rel=\"noopener noreferrer\">http:\/\/www.windowsphone.com\/es-ES\/how-to\/wp7\/web\/changing-privacy-and-other-browser-settings<\/a><br \/>\nPara acceder a la configuraci\u00f3n de cookies del navegador para dispositivos Windows Phone siga estos pasos (pueden variar en funci\u00f3n de la versi\u00f3n del navegador):<\/p>\n<ol>\n<li>Abra Internet Explorer, luego M\u00e1s, luego Configuraci\u00f3n<\/li>\n<li>Ahora puede activar o desactivar la casilla Permitir cookies.<\/li>\n<\/ol>\n<p>\u2013<em>BlackBerry<\/em>:<br \/>\n<a href=\"http:\/\/docs.blackberry.com\/en\/smartphone_users\/deliverables\/18578\/Turn_off_cookies_in_the_browser_60_1072866_11.jsp\" target=\"_blank\" rel=\"noopener noreferrer\">http:\/\/docs.blackberry.com\/en\/smartphone_users\/deliverables\/18578\/Turn_off_cookies_in_the_browser_60_1072866_11.jsp<\/a><\/p>\n<h4>\u00bfQU\u00c9 CONSECUENCIAS TIENE DESHABILITAR LAS COOKIES?<\/h4>\n<p>En caso de que el usuario impida la activaci\u00f3n de las cookies o desactive en caso de haberlas autorizado previamente, podr\u00e1 afectar al funcionamiento de algunas funcionalidades del sitio web como pueden ser, entre otras, que no se guarde informaci\u00f3n sobre la aceptaci\u00f3n del aviso inicial de cookies por lo que se le volver\u00e1 a mostrar en la pr\u00f3xima visita. Este es el caso de las cookies mencionadas en el apartado de \u201cfuncionamiento y personalizaci\u00f3n\u201d.<\/p>\n<p>Del mismo modo, tampoco podremos obtener informaci\u00f3n sobre navegaci\u00f3n de los usuarios por nuestro sitio web, lo cual impedir\u00e1 o dificultar\u00e1 la mejora de la informaci\u00f3n y contenidos que publicamos as\u00ed como su presentaci\u00f3n. Este es el caso de las cookies mencionadas en el apartado de \u201cCookies de Google Anal\u00edtics\u201d.<\/p>\n<h4>COOKIES EN REDES SOCIALES DONDE TALLERES TECTRON\u00a0TIENE PERFIL<\/h4>\n<p>Se informa a los usuarios de que en las redes sociales donde Tectron tiene perfil se utilizan asimismo cookies que trascienden de nuestro control. A continuaci\u00f3n, ofrecemos informaci\u00f3n sobre las cookies utilizadas en cada una de esas redes sociales:<\/p>\n<ul>\n<li>Facebook: <a href=\"http:\/\/www.facebook.com\/help\/cookies\" target=\"_blank\" rel=\"noopener noreferrer\">http:\/\/www.facebook.com\/help\/cookies<\/a><\/li>\n<li>Twitter: <a href=\"http:\/\/support.twitter.com\/articles\/20170521\" target=\"_blank\" rel=\"noopener noreferrer\">http:\/\/support.twitter.com\/articles\/20170521<\/a><\/li>\n<li>YouTube: <a href=\"http:\/\/www.google.es\/intl\/es\/policies\/technologies\/types\/\" target=\"_blank\" rel=\"noopener noreferrer\">http:\/\/www.google.es\/intl\/es\/policies\/technologies\/types\/<\/a><\/li>\n<\/ul>\n<h4>CAMBIOS O ACTUALIZACIONES EN NUESTRAS POL\u00cdTICAS SOBRE COOKIES<\/h4>\n<p>Es posible que la estructura y funcionalidades de www.tectron.es\u00a0se modifiquen para a\u00f1adir nuevos apartados, servicios o contenidos, lo cual puede suponer que se modifique el uso y, por tanto, nuestra sobre cookies. Por eso recomendamos a los usuarios que cada vez que accedan a www.tectron.es revisen las pol\u00edticas de cookies publicadas por si se hubiera producido alg\u00fan cambio desde su \u00faltima visita.<\/p>\n","protected":false},"excerpt":{"rendered":"<p>\u00bfQU\u00c9 SON LAS COOKIES? Las cookies son ficheros de texto de peque\u00f1o tama\u00f1o que se almacenan en el disco duro o en la memoria del ordenador que accede o visita las p\u00e1ginas de determinados sitios web, de forma que se puedan conocer las preferencias del usuario al volver a conectarse. Las cookies almacenadas en el [&hellip;]<\/p>\n","protected":false},"author":2,"featured_media":0,"parent":0,"menu_order":0,"comment_status":"closed","ping_status":"closed","template":"template-fullwidth.php","meta":[],"_links":{"self":[{"href":"http:\/\/tectron.es\/de\/wp-json\/wp\/v2\/pages\/117"}],"collection":[{"href":"http:\/\/tectron.es\/de\/wp-json\/wp\/v2\/pages"}],"about":[{"href":"http:\/\/tectron.es\/de\/wp-json\/wp\/v2\/types\/page"}],"author":[{"embeddable":true,"href":"http:\/\/tectron.es\/de\/wp-json\/wp\/v2\/users\/2"}],"replies":[{"embeddable":true,"href":"http:\/\/tectron.es\/de\/wp-json\/wp\/v2\/comments?post=117"}],"version-history":[{"count":2,"href":"http:\/\/tectron.es\/de\/wp-json\/wp\/v2\/pages\/117\/revisions"}],"predecessor-version":[{"id":120,"href":"http:\/\/tectron.es\/de\/wp-json\/wp\/v2\/pages\/117\/revisions\/120"}],"wp:attachment":[{"href":"http:\/\/tectron.es\/de\/wp-json\/wp\/v2\/media?parent=117"}],"curies":[{"name":"wp","href":"https:\/\/api.w.org\/{rel}","templated":true}]}}